{"id":13818,"date":"2024-09-01T13:40:32","date_gmt":"2024-09-01T11:40:32","guid":{"rendered":"https:\/\/www.boden-parkettleger.samuraidev.ch\/?page_id=13818"},"modified":"2025-10-27T11:09:54","modified_gmt":"2025-10-27T10:09:54","slug":"ci-1-a-6","status":"publish","type":"page","link":"https:\/\/www.boden-parkettleger.samuraidev.ch\/fr\/formation-de-base\/ci-1-a-6\/","title":{"rendered":"CI 1 \u00e0 6"},"content":{"rendered":"","protected":false},"excerpt":{"rendered":"","protected":false},"author":3,"featured_media":0,"parent":13833,"menu_order":22,"comment_status":"closed","ping_status":"closed","template":"templates\/services.php","meta":{"_acf_changed":false,"footnotes":""},"class_list":["post-13818","page","type-page","status-publish","hentry"],"acf":[],"yoast_head":"<!-- This site is optimized with the Yoast SEO plugin v27.4 - https:\/\/yoast.com\/product\/yoast-seo-wordpress\/ -->\n<title>CI 1 \u00e0 6 | Le poseur de sol-parquet<\/title>\n<meta name=\"description\" content=\"Dans les 6 cours interentreprises, les poseurs de sol-parquet en formation acqui\u00e8rent des comp\u00e9tences pratiques en compl\u00e9ment de l&#039;\u00e9cole professionnelle.\" \/>\n<meta name=\"robots\" content=\"index, follow, max-snippet:-1, max-image-preview:large, max-video-preview:-1\" \/>\n<link rel=\"canonical\" href=\"https:\/\/www.boden-parkettleger.samuraidev.ch\/fr\/formation-de-base\/ci-1-a-6\/\" \/>\n<meta property=\"og:locale\" content=\"fr_FR\" \/>\n<meta property=\"og:type\" content=\"article\" \/>\n<meta property=\"og:title\" content=\"CI 1 \u00e0 6 | Le poseur de sol-parquet\" \/>\n<meta property=\"og:description\" content=\"Dans les 6 cours interentreprises, les poseurs de sol-parquet en formation acqui\u00e8rent des comp\u00e9tences pratiques en compl\u00e9ment de l&#039;\u00e9cole professionnelle.\" \/>\n<meta property=\"og:url\" content=\"https:\/\/www.boden-parkettleger.samuraidev.ch\/fr\/formation-de-base\/ci-1-a-6\/\" \/>\n<meta property=\"og:site_name\" content=\"Boden- und Parkettleger\" \/>\n<meta property=\"article:modified_time\" content=\"2025-10-27T10:09:54+00:00\" \/>\n<meta name=\"twitter:card\" content=\"summary_large_image\" \/>\n<script type=\"application\/ld+json\" class=\"yoast-schema-graph\">{\"@context\":\"https:\\\/\\\/schema.org\",\"@graph\":[{\"@type\":\"WebPage\",\"@id\":\"https:\\\/\\\/www.boden-parkettleger.samuraidev.ch\\\/fr\\\/formation-de-base\\\/ci-1-a-6\\\/\",\"url\":\"https:\\\/\\\/www.boden-parkettleger.samuraidev.ch\\\/fr\\\/formation-de-base\\\/ci-1-a-6\\\/\",\"name\":\"CI 1 \u00e0 6 | Le poseur de sol-parquet\",\"isPartOf\":{\"@id\":\"https:\\\/\\\/www.boden-parkettleger.samuraidev.ch\\\/fr\\\/#website\"},\"datePublished\":\"2024-09-01T11:40:32+00:00\",\"dateModified\":\"2025-10-27T10:09:54+00:00\",\"description\":\"Dans les 6 cours interentreprises, les poseurs de sol-parquet en formation acqui\u00e8rent des comp\u00e9tences pratiques en compl\u00e9ment de l'\u00e9cole professionnelle.\",\"breadcrumb\":{\"@id\":\"https:\\\/\\\/www.boden-parkettleger.samuraidev.ch\\\/fr\\\/formation-de-base\\\/ci-1-a-6\\\/#breadcrumb\"},\"inLanguage\":\"fr-FR\",\"potentialAction\":[{\"@type\":\"ReadAction\",\"target\":[\"https:\\\/\\\/www.boden-parkettleger.samuraidev.ch\\\/fr\\\/formation-de-base\\\/ci-1-a-6\\\/\"]}]},{\"@type\":\"BreadcrumbList\",\"@id\":\"https:\\\/\\\/www.boden-parkettleger.samuraidev.ch\\\/fr\\\/formation-de-base\\\/ci-1-a-6\\\/#breadcrumb\",\"itemListElement\":[{\"@type\":\"ListItem\",\"position\":1,\"name\":\"Home\",\"item\":\"https:\\\/\\\/www.boden-parkettleger.samuraidev.ch\\\/fr\\\/\"},{\"@type\":\"ListItem\",\"position\":2,\"name\":\"Formation de base\",\"item\":\"https:\\\/\\\/www.boden-parkettleger.samuraidev.ch\\\/fr\\\/formation-de-base\\\/\"},{\"@type\":\"ListItem\",\"position\":3,\"name\":\"CI 1 \u00e0 6\"}]},{\"@type\":\"WebSite\",\"@id\":\"https:\\\/\\\/www.boden-parkettleger.samuraidev.ch\\\/fr\\\/#website\",\"url\":\"https:\\\/\\\/www.boden-parkettleger.samuraidev.ch\\\/fr\\\/\",\"name\":\"Boden- und Parkettleger\",\"description\":\"\",\"alternateName\":\"Boden- & Parkettleger\",\"potentialAction\":[{\"@type\":\"SearchAction\",\"target\":{\"@type\":\"EntryPoint\",\"urlTemplate\":\"https:\\\/\\\/www.boden-parkettleger.samuraidev.ch\\\/fr\\\/?s={search_term_string}\"},\"query-input\":{\"@type\":\"PropertyValueSpecification\",\"valueRequired\":true,\"valueName\":\"search_term_string\"}}],\"inLanguage\":\"fr-FR\"}]}<\/script>\n<!-- \/ Yoast SEO plugin. -->","yoast_head_json":{"title":"CI 1 \u00e0 6 | Le poseur de sol-parquet","description":"Dans les 6 cours interentreprises, les poseurs de sol-parquet en formation acqui\u00e8rent des comp\u00e9tences pratiques en compl\u00e9ment de l'\u00e9cole professionnelle.","robots":{"index":"index","follow":"follow","max-snippet":"max-snippet:-1","max-image-preview":"max-image-preview:large","max-video-preview":"max-video-preview:-1"},"canonical":"https:\/\/www.boden-parkettleger.samuraidev.ch\/fr\/formation-de-base\/ci-1-a-6\/","og_locale":"fr_FR","og_type":"article","og_title":"CI 1 \u00e0 6 | Le poseur de sol-parquet","og_description":"Dans les 6 cours interentreprises, les poseurs de sol-parquet en formation acqui\u00e8rent des comp\u00e9tences pratiques en compl\u00e9ment de l'\u00e9cole professionnelle.","og_url":"https:\/\/www.boden-parkettleger.samuraidev.ch\/fr\/formation-de-base\/ci-1-a-6\/","og_site_name":"Boden- und Parkettleger","article_modified_time":"2025-10-27T10:09:54+00:00","twitter_card":"summary_large_image","schema":{"@context":"https:\/\/schema.org","@graph":[{"@type":"WebPage","@id":"https:\/\/www.boden-parkettleger.samuraidev.ch\/fr\/formation-de-base\/ci-1-a-6\/","url":"https:\/\/www.boden-parkettleger.samuraidev.ch\/fr\/formation-de-base\/ci-1-a-6\/","name":"CI 1 \u00e0 6 | Le poseur de sol-parquet","isPartOf":{"@id":"https:\/\/www.boden-parkettleger.samuraidev.ch\/fr\/#website"},"datePublished":"2024-09-01T11:40:32+00:00","dateModified":"2025-10-27T10:09:54+00:00","description":"Dans les 6 cours interentreprises, les poseurs de sol-parquet en formation acqui\u00e8rent des comp\u00e9tences pratiques en compl\u00e9ment de l'\u00e9cole professionnelle.","breadcrumb":{"@id":"https:\/\/www.boden-parkettleger.samuraidev.ch\/fr\/formation-de-base\/ci-1-a-6\/#breadcrumb"},"inLanguage":"fr-FR","potentialAction":[{"@type":"ReadAction","target":["https:\/\/www.boden-parkettleger.samuraidev.ch\/fr\/formation-de-base\/ci-1-a-6\/"]}]},{"@type":"BreadcrumbList","@id":"https:\/\/www.boden-parkettleger.samuraidev.ch\/fr\/formation-de-base\/ci-1-a-6\/#breadcrumb","itemListElement":[{"@type":"ListItem","position":1,"name":"Home","item":"https:\/\/www.boden-parkettleger.samuraidev.ch\/fr\/"},{"@type":"ListItem","position":2,"name":"Formation de base","item":"https:\/\/www.boden-parkettleger.samuraidev.ch\/fr\/formation-de-base\/"},{"@type":"ListItem","position":3,"name":"CI 1 \u00e0 6"}]},{"@type":"WebSite","@id":"https:\/\/www.boden-parkettleger.samuraidev.ch\/fr\/#website","url":"https:\/\/www.boden-parkettleger.samuraidev.ch\/fr\/","name":"Boden- und Parkettleger","description":"","alternateName":"Boden- & Parkettleger","potentialAction":[{"@type":"SearchAction","target":{"@type":"EntryPoint","urlTemplate":"https:\/\/www.boden-parkettleger.samuraidev.ch\/fr\/?s={search_term_string}"},"query-input":{"@type":"PropertyValueSpecification","valueRequired":true,"valueName":"search_term_string"}}],"inLanguage":"fr-FR"}]}},"_links":{"self":[{"href":"https:\/\/www.boden-parkettleger.samuraidev.ch\/fr\/wp-json\/wp\/v2\/pages\/13818","targetHints":{"allow":["GET"]}}],"collection":[{"href":"https:\/\/www.boden-parkettleger.samuraidev.ch\/fr\/wp-json\/wp\/v2\/pages"}],"about":[{"href":"https:\/\/www.boden-parkettleger.samuraidev.ch\/fr\/wp-json\/wp\/v2\/types\/page"}],"author":[{"embeddable":true,"href":"https:\/\/www.boden-parkettleger.samuraidev.ch\/fr\/wp-json\/wp\/v2\/users\/3"}],"replies":[{"embeddable":true,"href":"https:\/\/www.boden-parkettleger.samuraidev.ch\/fr\/wp-json\/wp\/v2\/comments?post=13818"}],"version-history":[{"count":3,"href":"https:\/\/www.boden-parkettleger.samuraidev.ch\/fr\/wp-json\/wp\/v2\/pages\/13818\/revisions"}],"predecessor-version":[{"id":14041,"href":"https:\/\/www.boden-parkettleger.samuraidev.ch\/fr\/wp-json\/wp\/v2\/pages\/13818\/revisions\/14041"}],"up":[{"embeddable":true,"href":"https:\/\/www.boden-parkettleger.samuraidev.ch\/fr\/wp-json\/wp\/v2\/pages\/13833"}],"wp:attachment":[{"href":"https:\/\/www.boden-parkettleger.samuraidev.ch\/fr\/wp-json\/wp\/v2\/media?parent=13818"}],"curies":[{"name":"wp","href":"https:\/\/api.w.org\/{rel}","templated":true}]}}