{"id":13806,"date":"2024-09-01T14:23:49","date_gmt":"2024-09-01T12:23:49","guid":{"rendered":"https:\/\/www.boden-parkettleger.samuraidev.ch\/?page_id=13806"},"modified":"2025-10-23T12:24:46","modified_gmt":"2025-10-23T10:24:46","slug":"organisme-responsable","status":"publish","type":"page","link":"https:\/\/www.boden-parkettleger.samuraidev.ch\/fr\/organisation\/organisme-responsable\/","title":{"rendered":"Organisme responsable"},"content":{"rendered":"","protected":false},"excerpt":{"rendered":"","protected":false},"author":3,"featured_media":0,"parent":13831,"menu_order":8,"comment_status":"closed","ping_status":"closed","template":"","meta":{"_acf_changed":false,"footnotes":""},"class_list":["post-13806","page","type-page","status-publish","hentry"],"acf":[],"yoast_head":"<!-- This site is optimized with the Yoast SEO plugin v27.4 - https:\/\/yoast.com\/product\/yoast-seo-wordpress\/ -->\n<title>Organisme responsable | Fonds pour la formation professionnelle sol &amp; parquet<\/title>\n<meta name=\"description\" content=\"Les organismes responsables de la formation professionnelle sol &amp; parquet sont l&#039;association professionnelle SolSuisse et ISP (Communaut\u00e9 d&#039;int\u00e9r\u00eats du march\u00e9 suisse du parquet).\" \/>\n<meta name=\"robots\" content=\"index, follow, max-snippet:-1, max-image-preview:large, max-video-preview:-1\" \/>\n<link rel=\"canonical\" href=\"https:\/\/www.boden-parkettleger.samuraidev.ch\/fr\/organisation\/organisme-responsable\/\" \/>\n<meta property=\"og:locale\" content=\"fr_FR\" \/>\n<meta property=\"og:type\" content=\"article\" \/>\n<meta property=\"og:title\" content=\"Organisme responsable | Fonds pour la formation professionnelle sol &amp; parquet\" \/>\n<meta property=\"og:description\" content=\"Les organismes responsables de la formation professionnelle sol &amp; parquet sont l&#039;association professionnelle SolSuisse et ISP (Communaut\u00e9 d&#039;int\u00e9r\u00eats du march\u00e9 suisse du parquet).\" \/>\n<meta property=\"og:url\" content=\"https:\/\/www.boden-parkettleger.samuraidev.ch\/fr\/organisation\/organisme-responsable\/\" \/>\n<meta property=\"og:site_name\" content=\"Boden- und Parkettleger\" \/>\n<meta property=\"article:modified_time\" content=\"2025-10-23T10:24:46+00:00\" \/>\n<meta name=\"twitter:card\" content=\"summary_large_image\" \/>\n<script type=\"application\/ld+json\" class=\"yoast-schema-graph\">{\"@context\":\"https:\\\/\\\/schema.org\",\"@graph\":[{\"@type\":\"WebPage\",\"@id\":\"https:\\\/\\\/www.boden-parkettleger.samuraidev.ch\\\/fr\\\/organisation\\\/organisme-responsable\\\/\",\"url\":\"https:\\\/\\\/www.boden-parkettleger.samuraidev.ch\\\/fr\\\/organisation\\\/organisme-responsable\\\/\",\"name\":\"Organisme responsable | Fonds pour la formation professionnelle sol & parquet\",\"isPartOf\":{\"@id\":\"https:\\\/\\\/www.boden-parkettleger.samuraidev.ch\\\/fr\\\/#website\"},\"datePublished\":\"2024-09-01T12:23:49+00:00\",\"dateModified\":\"2025-10-23T10:24:46+00:00\",\"description\":\"Les organismes responsables de la formation professionnelle sol & parquet sont l'association professionnelle SolSuisse et ISP (Communaut\u00e9 d'int\u00e9r\u00eats du march\u00e9 suisse du parquet).\",\"breadcrumb\":{\"@id\":\"https:\\\/\\\/www.boden-parkettleger.samuraidev.ch\\\/fr\\\/organisation\\\/organisme-responsable\\\/#breadcrumb\"},\"inLanguage\":\"fr-FR\",\"potentialAction\":[{\"@type\":\"ReadAction\",\"target\":[\"https:\\\/\\\/www.boden-parkettleger.samuraidev.ch\\\/fr\\\/organisation\\\/organisme-responsable\\\/\"]}]},{\"@type\":\"BreadcrumbList\",\"@id\":\"https:\\\/\\\/www.boden-parkettleger.samuraidev.ch\\\/fr\\\/organisation\\\/organisme-responsable\\\/#breadcrumb\",\"itemListElement\":[{\"@type\":\"ListItem\",\"position\":1,\"name\":\"Home\",\"item\":\"https:\\\/\\\/www.boden-parkettleger.samuraidev.ch\\\/fr\\\/\"},{\"@type\":\"ListItem\",\"position\":2,\"name\":\"Organisation\",\"item\":\"https:\\\/\\\/www.boden-parkettleger.samuraidev.ch\\\/fr\\\/organisation\\\/\"},{\"@type\":\"ListItem\",\"position\":3,\"name\":\"Organisme responsable\"}]},{\"@type\":\"WebSite\",\"@id\":\"https:\\\/\\\/www.boden-parkettleger.samuraidev.ch\\\/fr\\\/#website\",\"url\":\"https:\\\/\\\/www.boden-parkettleger.samuraidev.ch\\\/fr\\\/\",\"name\":\"Boden- und Parkettleger\",\"description\":\"\",\"alternateName\":\"Boden- & Parkettleger\",\"potentialAction\":[{\"@type\":\"SearchAction\",\"target\":{\"@type\":\"EntryPoint\",\"urlTemplate\":\"https:\\\/\\\/www.boden-parkettleger.samuraidev.ch\\\/fr\\\/?s={search_term_string}\"},\"query-input\":{\"@type\":\"PropertyValueSpecification\",\"valueRequired\":true,\"valueName\":\"search_term_string\"}}],\"inLanguage\":\"fr-FR\"}]}<\/script>\n<!-- \/ Yoast SEO plugin. -->","yoast_head_json":{"title":"Organisme responsable | Fonds pour la formation professionnelle sol & parquet","description":"Les organismes responsables de la formation professionnelle sol & parquet sont l'association professionnelle SolSuisse et ISP (Communaut\u00e9 d'int\u00e9r\u00eats du march\u00e9 suisse du parquet).","robots":{"index":"index","follow":"follow","max-snippet":"max-snippet:-1","max-image-preview":"max-image-preview:large","max-video-preview":"max-video-preview:-1"},"canonical":"https:\/\/www.boden-parkettleger.samuraidev.ch\/fr\/organisation\/organisme-responsable\/","og_locale":"fr_FR","og_type":"article","og_title":"Organisme responsable | Fonds pour la formation professionnelle sol & parquet","og_description":"Les organismes responsables de la formation professionnelle sol & parquet sont l'association professionnelle SolSuisse et ISP (Communaut\u00e9 d'int\u00e9r\u00eats du march\u00e9 suisse du parquet).","og_url":"https:\/\/www.boden-parkettleger.samuraidev.ch\/fr\/organisation\/organisme-responsable\/","og_site_name":"Boden- und Parkettleger","article_modified_time":"2025-10-23T10:24:46+00:00","twitter_card":"summary_large_image","schema":{"@context":"https:\/\/schema.org","@graph":[{"@type":"WebPage","@id":"https:\/\/www.boden-parkettleger.samuraidev.ch\/fr\/organisation\/organisme-responsable\/","url":"https:\/\/www.boden-parkettleger.samuraidev.ch\/fr\/organisation\/organisme-responsable\/","name":"Organisme responsable | Fonds pour la formation professionnelle sol & parquet","isPartOf":{"@id":"https:\/\/www.boden-parkettleger.samuraidev.ch\/fr\/#website"},"datePublished":"2024-09-01T12:23:49+00:00","dateModified":"2025-10-23T10:24:46+00:00","description":"Les organismes responsables de la formation professionnelle sol & parquet sont l'association professionnelle SolSuisse et ISP (Communaut\u00e9 d'int\u00e9r\u00eats du march\u00e9 suisse du parquet).","breadcrumb":{"@id":"https:\/\/www.boden-parkettleger.samuraidev.ch\/fr\/organisation\/organisme-responsable\/#breadcrumb"},"inLanguage":"fr-FR","potentialAction":[{"@type":"ReadAction","target":["https:\/\/www.boden-parkettleger.samuraidev.ch\/fr\/organisation\/organisme-responsable\/"]}]},{"@type":"BreadcrumbList","@id":"https:\/\/www.boden-parkettleger.samuraidev.ch\/fr\/organisation\/organisme-responsable\/#breadcrumb","itemListElement":[{"@type":"ListItem","position":1,"name":"Home","item":"https:\/\/www.boden-parkettleger.samuraidev.ch\/fr\/"},{"@type":"ListItem","position":2,"name":"Organisation","item":"https:\/\/www.boden-parkettleger.samuraidev.ch\/fr\/organisation\/"},{"@type":"ListItem","position":3,"name":"Organisme responsable"}]},{"@type":"WebSite","@id":"https:\/\/www.boden-parkettleger.samuraidev.ch\/fr\/#website","url":"https:\/\/www.boden-parkettleger.samuraidev.ch\/fr\/","name":"Boden- und Parkettleger","description":"","alternateName":"Boden- & Parkettleger","potentialAction":[{"@type":"SearchAction","target":{"@type":"EntryPoint","urlTemplate":"https:\/\/www.boden-parkettleger.samuraidev.ch\/fr\/?s={search_term_string}"},"query-input":{"@type":"PropertyValueSpecification","valueRequired":true,"valueName":"search_term_string"}}],"inLanguage":"fr-FR"}]}},"_links":{"self":[{"href":"https:\/\/www.boden-parkettleger.samuraidev.ch\/fr\/wp-json\/wp\/v2\/pages\/13806","targetHints":{"allow":["GET"]}}],"collection":[{"href":"https:\/\/www.boden-parkettleger.samuraidev.ch\/fr\/wp-json\/wp\/v2\/pages"}],"about":[{"href":"https:\/\/www.boden-parkettleger.samuraidev.ch\/fr\/wp-json\/wp\/v2\/types\/page"}],"author":[{"embeddable":true,"href":"https:\/\/www.boden-parkettleger.samuraidev.ch\/fr\/wp-json\/wp\/v2\/users\/3"}],"replies":[{"embeddable":true,"href":"https:\/\/www.boden-parkettleger.samuraidev.ch\/fr\/wp-json\/wp\/v2\/comments?post=13806"}],"version-history":[{"count":2,"href":"https:\/\/www.boden-parkettleger.samuraidev.ch\/fr\/wp-json\/wp\/v2\/pages\/13806\/revisions"}],"predecessor-version":[{"id":13870,"href":"https:\/\/www.boden-parkettleger.samuraidev.ch\/fr\/wp-json\/wp\/v2\/pages\/13806\/revisions\/13870"}],"up":[{"embeddable":true,"href":"https:\/\/www.boden-parkettleger.samuraidev.ch\/fr\/wp-json\/wp\/v2\/pages\/13831"}],"wp:attachment":[{"href":"https:\/\/www.boden-parkettleger.samuraidev.ch\/fr\/wp-json\/wp\/v2\/media?parent=13806"}],"curies":[{"name":"wp","href":"https:\/\/api.w.org\/{rel}","templated":true}]}}