{"id":13728,"date":"2024-11-29T15:29:59","date_gmt":"2024-11-29T14:29:59","guid":{"rendered":"https:\/\/www.boden-parkettleger.samuraidev.ch\/?page_id=13728"},"modified":"2025-10-27T10:35:55","modified_gmt":"2025-10-27T09:35:55","slug":"seminaires-techniques","status":"publish","type":"page","link":"https:\/\/www.boden-parkettleger.samuraidev.ch\/fr\/formation-continue\/seminaires-techniques\/","title":{"rendered":"S\u00e9minaires techniques"},"content":{"rendered":"","protected":false},"excerpt":{"rendered":"","protected":false},"author":11,"featured_media":0,"parent":13814,"menu_order":91,"comment_status":"closed","ping_status":"closed","template":"templates\/services.php","meta":{"_acf_changed":false,"footnotes":""},"class_list":["post-13728","page","type-page","status-publish","hentry"],"acf":[],"yoast_head":"<!-- This site is optimized with the Yoast SEO plugin v27.4 - https:\/\/yoast.com\/product\/yoast-seo-wordpress\/ -->\n<title>S\u00e9minaires techniques | Le poseur de sol-parquet<\/title>\n<meta name=\"description\" content=\"Inscris-toi \u00e0 un s\u00e9minaire technique et deviens expert dans un domaine en quelques jours seulement. S&#039;informer maintenant.\" \/>\n<meta name=\"robots\" content=\"index, follow, max-snippet:-1, max-image-preview:large, max-video-preview:-1\" \/>\n<link rel=\"canonical\" href=\"https:\/\/www.boden-parkettleger.samuraidev.ch\/fr\/formation-continue\/seminaires-techniques\/\" \/>\n<meta property=\"og:locale\" content=\"fr_FR\" \/>\n<meta property=\"og:type\" content=\"article\" \/>\n<meta property=\"og:title\" content=\"S\u00e9minaires techniques | Le poseur de sol-parquet\" \/>\n<meta property=\"og:description\" content=\"Inscris-toi \u00e0 un s\u00e9minaire technique et deviens expert dans un domaine en quelques jours seulement. S&#039;informer maintenant.\" \/>\n<meta property=\"og:url\" content=\"https:\/\/www.boden-parkettleger.samuraidev.ch\/fr\/formation-continue\/seminaires-techniques\/\" \/>\n<meta property=\"og:site_name\" content=\"Boden- und Parkettleger\" \/>\n<meta property=\"article:modified_time\" content=\"2025-10-27T09:35:55+00:00\" \/>\n<meta name=\"twitter:card\" content=\"summary_large_image\" \/>\n<script type=\"application\/ld+json\" class=\"yoast-schema-graph\">{\"@context\":\"https:\\\/\\\/schema.org\",\"@graph\":[{\"@type\":\"WebPage\",\"@id\":\"https:\\\/\\\/www.boden-parkettleger.samuraidev.ch\\\/fr\\\/formation-continue\\\/seminaires-techniques\\\/\",\"url\":\"https:\\\/\\\/www.boden-parkettleger.samuraidev.ch\\\/fr\\\/formation-continue\\\/seminaires-techniques\\\/\",\"name\":\"S\u00e9minaires techniques | Le poseur de sol-parquet\",\"isPartOf\":{\"@id\":\"https:\\\/\\\/www.boden-parkettleger.samuraidev.ch\\\/fr\\\/#website\"},\"datePublished\":\"2024-11-29T14:29:59+00:00\",\"dateModified\":\"2025-10-27T09:35:55+00:00\",\"description\":\"Inscris-toi \u00e0 un s\u00e9minaire technique et deviens expert dans un domaine en quelques jours seulement. S'informer maintenant.\",\"breadcrumb\":{\"@id\":\"https:\\\/\\\/www.boden-parkettleger.samuraidev.ch\\\/fr\\\/formation-continue\\\/seminaires-techniques\\\/#breadcrumb\"},\"inLanguage\":\"fr-FR\",\"potentialAction\":[{\"@type\":\"ReadAction\",\"target\":[\"https:\\\/\\\/www.boden-parkettleger.samuraidev.ch\\\/fr\\\/formation-continue\\\/seminaires-techniques\\\/\"]}]},{\"@type\":\"BreadcrumbList\",\"@id\":\"https:\\\/\\\/www.boden-parkettleger.samuraidev.ch\\\/fr\\\/formation-continue\\\/seminaires-techniques\\\/#breadcrumb\",\"itemListElement\":[{\"@type\":\"ListItem\",\"position\":1,\"name\":\"Home\",\"item\":\"https:\\\/\\\/www.boden-parkettleger.samuraidev.ch\\\/fr\\\/\"},{\"@type\":\"ListItem\",\"position\":2,\"name\":\"Formation continue\",\"item\":\"https:\\\/\\\/www.boden-parkettleger.samuraidev.ch\\\/fr\\\/formation-continue\\\/\"},{\"@type\":\"ListItem\",\"position\":3,\"name\":\"S\u00e9minaires techniques\"}]},{\"@type\":\"WebSite\",\"@id\":\"https:\\\/\\\/www.boden-parkettleger.samuraidev.ch\\\/fr\\\/#website\",\"url\":\"https:\\\/\\\/www.boden-parkettleger.samuraidev.ch\\\/fr\\\/\",\"name\":\"Boden- und Parkettleger\",\"description\":\"\",\"alternateName\":\"Boden- & Parkettleger\",\"potentialAction\":[{\"@type\":\"SearchAction\",\"target\":{\"@type\":\"EntryPoint\",\"urlTemplate\":\"https:\\\/\\\/www.boden-parkettleger.samuraidev.ch\\\/fr\\\/?s={search_term_string}\"},\"query-input\":{\"@type\":\"PropertyValueSpecification\",\"valueRequired\":true,\"valueName\":\"search_term_string\"}}],\"inLanguage\":\"fr-FR\"}]}<\/script>\n<!-- \/ Yoast SEO plugin. -->","yoast_head_json":{"title":"S\u00e9minaires techniques | Le poseur de sol-parquet","description":"Inscris-toi \u00e0 un s\u00e9minaire technique et deviens expert dans un domaine en quelques jours seulement. S'informer maintenant.","robots":{"index":"index","follow":"follow","max-snippet":"max-snippet:-1","max-image-preview":"max-image-preview:large","max-video-preview":"max-video-preview:-1"},"canonical":"https:\/\/www.boden-parkettleger.samuraidev.ch\/fr\/formation-continue\/seminaires-techniques\/","og_locale":"fr_FR","og_type":"article","og_title":"S\u00e9minaires techniques | Le poseur de sol-parquet","og_description":"Inscris-toi \u00e0 un s\u00e9minaire technique et deviens expert dans un domaine en quelques jours seulement. S'informer maintenant.","og_url":"https:\/\/www.boden-parkettleger.samuraidev.ch\/fr\/formation-continue\/seminaires-techniques\/","og_site_name":"Boden- und Parkettleger","article_modified_time":"2025-10-27T09:35:55+00:00","twitter_card":"summary_large_image","schema":{"@context":"https:\/\/schema.org","@graph":[{"@type":"WebPage","@id":"https:\/\/www.boden-parkettleger.samuraidev.ch\/fr\/formation-continue\/seminaires-techniques\/","url":"https:\/\/www.boden-parkettleger.samuraidev.ch\/fr\/formation-continue\/seminaires-techniques\/","name":"S\u00e9minaires techniques | Le poseur de sol-parquet","isPartOf":{"@id":"https:\/\/www.boden-parkettleger.samuraidev.ch\/fr\/#website"},"datePublished":"2024-11-29T14:29:59+00:00","dateModified":"2025-10-27T09:35:55+00:00","description":"Inscris-toi \u00e0 un s\u00e9minaire technique et deviens expert dans un domaine en quelques jours seulement. S'informer maintenant.","breadcrumb":{"@id":"https:\/\/www.boden-parkettleger.samuraidev.ch\/fr\/formation-continue\/seminaires-techniques\/#breadcrumb"},"inLanguage":"fr-FR","potentialAction":[{"@type":"ReadAction","target":["https:\/\/www.boden-parkettleger.samuraidev.ch\/fr\/formation-continue\/seminaires-techniques\/"]}]},{"@type":"BreadcrumbList","@id":"https:\/\/www.boden-parkettleger.samuraidev.ch\/fr\/formation-continue\/seminaires-techniques\/#breadcrumb","itemListElement":[{"@type":"ListItem","position":1,"name":"Home","item":"https:\/\/www.boden-parkettleger.samuraidev.ch\/fr\/"},{"@type":"ListItem","position":2,"name":"Formation continue","item":"https:\/\/www.boden-parkettleger.samuraidev.ch\/fr\/formation-continue\/"},{"@type":"ListItem","position":3,"name":"S\u00e9minaires techniques"}]},{"@type":"WebSite","@id":"https:\/\/www.boden-parkettleger.samuraidev.ch\/fr\/#website","url":"https:\/\/www.boden-parkettleger.samuraidev.ch\/fr\/","name":"Boden- und Parkettleger","description":"","alternateName":"Boden- & Parkettleger","potentialAction":[{"@type":"SearchAction","target":{"@type":"EntryPoint","urlTemplate":"https:\/\/www.boden-parkettleger.samuraidev.ch\/fr\/?s={search_term_string}"},"query-input":{"@type":"PropertyValueSpecification","valueRequired":true,"valueName":"search_term_string"}}],"inLanguage":"fr-FR"}]}},"_links":{"self":[{"href":"https:\/\/www.boden-parkettleger.samuraidev.ch\/fr\/wp-json\/wp\/v2\/pages\/13728","targetHints":{"allow":["GET"]}}],"collection":[{"href":"https:\/\/www.boden-parkettleger.samuraidev.ch\/fr\/wp-json\/wp\/v2\/pages"}],"about":[{"href":"https:\/\/www.boden-parkettleger.samuraidev.ch\/fr\/wp-json\/wp\/v2\/types\/page"}],"author":[{"embeddable":true,"href":"https:\/\/www.boden-parkettleger.samuraidev.ch\/fr\/wp-json\/wp\/v2\/users\/11"}],"replies":[{"embeddable":true,"href":"https:\/\/www.boden-parkettleger.samuraidev.ch\/fr\/wp-json\/wp\/v2\/comments?post=13728"}],"version-history":[{"count":4,"href":"https:\/\/www.boden-parkettleger.samuraidev.ch\/fr\/wp-json\/wp\/v2\/pages\/13728\/revisions"}],"predecessor-version":[{"id":14017,"href":"https:\/\/www.boden-parkettleger.samuraidev.ch\/fr\/wp-json\/wp\/v2\/pages\/13728\/revisions\/14017"}],"up":[{"embeddable":true,"href":"https:\/\/www.boden-parkettleger.samuraidev.ch\/fr\/wp-json\/wp\/v2\/pages\/13814"}],"wp:attachment":[{"href":"https:\/\/www.boden-parkettleger.samuraidev.ch\/fr\/wp-json\/wp\/v2\/media?parent=13728"}],"curies":[{"name":"wp","href":"https:\/\/api.w.org\/{rel}","templated":true}]}}