{"id":13715,"date":"2024-12-10T15:59:23","date_gmt":"2024-12-10T14:59:23","guid":{"rendered":"https:\/\/www.boden-parkettleger.samuraidev.ch\/?page_id=13715"},"modified":"2025-10-27T08:45:51","modified_gmt":"2025-10-27T07:45:51","slug":"ep-chef-poseur-de-revetements-de-sol","status":"publish","type":"page","link":"https:\/\/www.boden-parkettleger.samuraidev.ch\/fr\/formation-continue\/examens-federaux\/ep-chef-poseur-de-revetements-de-sol\/","title":{"rendered":"EP Chef-poseur de rev\u00eatements de sol"},"content":{"rendered":"","protected":false},"excerpt":{"rendered":"","protected":false},"author":11,"featured_media":0,"parent":13731,"menu_order":74,"comment_status":"closed","ping_status":"closed","template":"","meta":{"_acf_changed":false,"footnotes":""},"class_list":["post-13715","page","type-page","status-publish","hentry"],"acf":[],"yoast_head":"<!-- This site is optimized with the Yoast SEO plugin v27.4 - https:\/\/yoast.com\/product\/yoast-seo-wordpress\/ -->\n<title>EP Chef-poseur de rev\u00eatements de sol | Branche de rev\u00eatement de sol<\/title>\n<meta name=\"description\" content=\"Qui est admis \u00e0 l&#039;examen professionnel de chef-poseur ? D\u00e9couvrez tout ce qu&#039;il faut savoir sur les conditions d&#039;admission.\" \/>\n<meta name=\"robots\" content=\"index, follow, max-snippet:-1, max-image-preview:large, max-video-preview:-1\" \/>\n<link rel=\"canonical\" href=\"https:\/\/www.boden-parkettleger.samuraidev.ch\/fr\/formation-continue\/examens-federaux\/ep-chef-poseur-de-revetements-de-sol\/\" \/>\n<meta property=\"og:locale\" content=\"fr_FR\" \/>\n<meta property=\"og:type\" content=\"article\" \/>\n<meta property=\"og:title\" content=\"EP Chef-poseur de rev\u00eatements de sol | Branche de rev\u00eatement de sol\" \/>\n<meta property=\"og:description\" content=\"Qui est admis \u00e0 l&#039;examen professionnel de chef-poseur ? D\u00e9couvrez tout ce qu&#039;il faut savoir sur les conditions d&#039;admission.\" \/>\n<meta property=\"og:url\" content=\"https:\/\/www.boden-parkettleger.samuraidev.ch\/fr\/formation-continue\/examens-federaux\/ep-chef-poseur-de-revetements-de-sol\/\" \/>\n<meta property=\"og:site_name\" content=\"Boden- und Parkettleger\" \/>\n<meta property=\"article:modified_time\" content=\"2025-10-27T07:45:51+00:00\" \/>\n<meta name=\"twitter:card\" content=\"summary_large_image\" \/>\n<script type=\"application\/ld+json\" class=\"yoast-schema-graph\">{\"@context\":\"https:\\\/\\\/schema.org\",\"@graph\":[{\"@type\":\"WebPage\",\"@id\":\"https:\\\/\\\/www.boden-parkettleger.samuraidev.ch\\\/fr\\\/formation-continue\\\/examens-federaux\\\/ep-chef-poseur-de-revetements-de-sol\\\/\",\"url\":\"https:\\\/\\\/www.boden-parkettleger.samuraidev.ch\\\/fr\\\/formation-continue\\\/examens-federaux\\\/ep-chef-poseur-de-revetements-de-sol\\\/\",\"name\":\"EP Chef-poseur de rev\u00eatements de sol | Branche de rev\u00eatement de sol\",\"isPartOf\":{\"@id\":\"https:\\\/\\\/www.boden-parkettleger.samuraidev.ch\\\/fr\\\/#website\"},\"datePublished\":\"2024-12-10T14:59:23+00:00\",\"dateModified\":\"2025-10-27T07:45:51+00:00\",\"description\":\"Qui est admis \u00e0 l'examen professionnel de chef-poseur ? D\u00e9couvrez tout ce qu'il faut savoir sur les conditions d'admission.\",\"breadcrumb\":{\"@id\":\"https:\\\/\\\/www.boden-parkettleger.samuraidev.ch\\\/fr\\\/formation-continue\\\/examens-federaux\\\/ep-chef-poseur-de-revetements-de-sol\\\/#breadcrumb\"},\"inLanguage\":\"fr-FR\",\"potentialAction\":[{\"@type\":\"ReadAction\",\"target\":[\"https:\\\/\\\/www.boden-parkettleger.samuraidev.ch\\\/fr\\\/formation-continue\\\/examens-federaux\\\/ep-chef-poseur-de-revetements-de-sol\\\/\"]}]},{\"@type\":\"BreadcrumbList\",\"@id\":\"https:\\\/\\\/www.boden-parkettleger.samuraidev.ch\\\/fr\\\/formation-continue\\\/examens-federaux\\\/ep-chef-poseur-de-revetements-de-sol\\\/#breadcrumb\",\"itemListElement\":[{\"@type\":\"ListItem\",\"position\":1,\"name\":\"Home\",\"item\":\"https:\\\/\\\/www.boden-parkettleger.samuraidev.ch\\\/fr\\\/\"},{\"@type\":\"ListItem\",\"position\":2,\"name\":\"Formation continue\",\"item\":\"https:\\\/\\\/www.boden-parkettleger.samuraidev.ch\\\/fr\\\/formation-continue\\\/\"},{\"@type\":\"ListItem\",\"position\":3,\"name\":\"Examens f\u00e9d\u00e9raux\",\"item\":\"https:\\\/\\\/www.boden-parkettleger.samuraidev.ch\\\/fr\\\/formation-continue\\\/examens-federaux\\\/\"},{\"@type\":\"ListItem\",\"position\":4,\"name\":\"EP Chef-poseur de rev\u00eatements de sol\"}]},{\"@type\":\"WebSite\",\"@id\":\"https:\\\/\\\/www.boden-parkettleger.samuraidev.ch\\\/fr\\\/#website\",\"url\":\"https:\\\/\\\/www.boden-parkettleger.samuraidev.ch\\\/fr\\\/\",\"name\":\"Boden- und Parkettleger\",\"description\":\"\",\"alternateName\":\"Boden- & Parkettleger\",\"potentialAction\":[{\"@type\":\"SearchAction\",\"target\":{\"@type\":\"EntryPoint\",\"urlTemplate\":\"https:\\\/\\\/www.boden-parkettleger.samuraidev.ch\\\/fr\\\/?s={search_term_string}\"},\"query-input\":{\"@type\":\"PropertyValueSpecification\",\"valueRequired\":true,\"valueName\":\"search_term_string\"}}],\"inLanguage\":\"fr-FR\"}]}<\/script>\n<!-- \/ Yoast SEO plugin. -->","yoast_head_json":{"title":"EP Chef-poseur de rev\u00eatements de sol | Branche de rev\u00eatement de sol","description":"Qui est admis \u00e0 l'examen professionnel de chef-poseur ? D\u00e9couvrez tout ce qu'il faut savoir sur les conditions d'admission.","robots":{"index":"index","follow":"follow","max-snippet":"max-snippet:-1","max-image-preview":"max-image-preview:large","max-video-preview":"max-video-preview:-1"},"canonical":"https:\/\/www.boden-parkettleger.samuraidev.ch\/fr\/formation-continue\/examens-federaux\/ep-chef-poseur-de-revetements-de-sol\/","og_locale":"fr_FR","og_type":"article","og_title":"EP Chef-poseur de rev\u00eatements de sol | Branche de rev\u00eatement de sol","og_description":"Qui est admis \u00e0 l'examen professionnel de chef-poseur ? D\u00e9couvrez tout ce qu'il faut savoir sur les conditions d'admission.","og_url":"https:\/\/www.boden-parkettleger.samuraidev.ch\/fr\/formation-continue\/examens-federaux\/ep-chef-poseur-de-revetements-de-sol\/","og_site_name":"Boden- und Parkettleger","article_modified_time":"2025-10-27T07:45:51+00:00","twitter_card":"summary_large_image","schema":{"@context":"https:\/\/schema.org","@graph":[{"@type":"WebPage","@id":"https:\/\/www.boden-parkettleger.samuraidev.ch\/fr\/formation-continue\/examens-federaux\/ep-chef-poseur-de-revetements-de-sol\/","url":"https:\/\/www.boden-parkettleger.samuraidev.ch\/fr\/formation-continue\/examens-federaux\/ep-chef-poseur-de-revetements-de-sol\/","name":"EP Chef-poseur de rev\u00eatements de sol | Branche de rev\u00eatement de sol","isPartOf":{"@id":"https:\/\/www.boden-parkettleger.samuraidev.ch\/fr\/#website"},"datePublished":"2024-12-10T14:59:23+00:00","dateModified":"2025-10-27T07:45:51+00:00","description":"Qui est admis \u00e0 l'examen professionnel de chef-poseur ? D\u00e9couvrez tout ce qu'il faut savoir sur les conditions d'admission.","breadcrumb":{"@id":"https:\/\/www.boden-parkettleger.samuraidev.ch\/fr\/formation-continue\/examens-federaux\/ep-chef-poseur-de-revetements-de-sol\/#breadcrumb"},"inLanguage":"fr-FR","potentialAction":[{"@type":"ReadAction","target":["https:\/\/www.boden-parkettleger.samuraidev.ch\/fr\/formation-continue\/examens-federaux\/ep-chef-poseur-de-revetements-de-sol\/"]}]},{"@type":"BreadcrumbList","@id":"https:\/\/www.boden-parkettleger.samuraidev.ch\/fr\/formation-continue\/examens-federaux\/ep-chef-poseur-de-revetements-de-sol\/#breadcrumb","itemListElement":[{"@type":"ListItem","position":1,"name":"Home","item":"https:\/\/www.boden-parkettleger.samuraidev.ch\/fr\/"},{"@type":"ListItem","position":2,"name":"Formation continue","item":"https:\/\/www.boden-parkettleger.samuraidev.ch\/fr\/formation-continue\/"},{"@type":"ListItem","position":3,"name":"Examens f\u00e9d\u00e9raux","item":"https:\/\/www.boden-parkettleger.samuraidev.ch\/fr\/formation-continue\/examens-federaux\/"},{"@type":"ListItem","position":4,"name":"EP Chef-poseur de rev\u00eatements de sol"}]},{"@type":"WebSite","@id":"https:\/\/www.boden-parkettleger.samuraidev.ch\/fr\/#website","url":"https:\/\/www.boden-parkettleger.samuraidev.ch\/fr\/","name":"Boden- und Parkettleger","description":"","alternateName":"Boden- & Parkettleger","potentialAction":[{"@type":"SearchAction","target":{"@type":"EntryPoint","urlTemplate":"https:\/\/www.boden-parkettleger.samuraidev.ch\/fr\/?s={search_term_string}"},"query-input":{"@type":"PropertyValueSpecification","valueRequired":true,"valueName":"search_term_string"}}],"inLanguage":"fr-FR"}]}},"_links":{"self":[{"href":"https:\/\/www.boden-parkettleger.samuraidev.ch\/fr\/wp-json\/wp\/v2\/pages\/13715","targetHints":{"allow":["GET"]}}],"collection":[{"href":"https:\/\/www.boden-parkettleger.samuraidev.ch\/fr\/wp-json\/wp\/v2\/pages"}],"about":[{"href":"https:\/\/www.boden-parkettleger.samuraidev.ch\/fr\/wp-json\/wp\/v2\/types\/page"}],"author":[{"embeddable":true,"href":"https:\/\/www.boden-parkettleger.samuraidev.ch\/fr\/wp-json\/wp\/v2\/users\/11"}],"replies":[{"embeddable":true,"href":"https:\/\/www.boden-parkettleger.samuraidev.ch\/fr\/wp-json\/wp\/v2\/comments?post=13715"}],"version-history":[{"count":2,"href":"https:\/\/www.boden-parkettleger.samuraidev.ch\/fr\/wp-json\/wp\/v2\/pages\/13715\/revisions"}],"predecessor-version":[{"id":13923,"href":"https:\/\/www.boden-parkettleger.samuraidev.ch\/fr\/wp-json\/wp\/v2\/pages\/13715\/revisions\/13923"}],"up":[{"embeddable":true,"href":"https:\/\/www.boden-parkettleger.samuraidev.ch\/fr\/wp-json\/wp\/v2\/pages\/13731"}],"wp:attachment":[{"href":"https:\/\/www.boden-parkettleger.samuraidev.ch\/fr\/wp-json\/wp\/v2\/media?parent=13715"}],"curies":[{"name":"wp","href":"https:\/\/api.w.org\/{rel}","templated":true}]}}