{"id":13676,"date":"2024-12-14T14:33:57","date_gmt":"2024-12-14T13:33:57","guid":{"rendered":"https:\/\/www.boden-parkettleger.samuraidev.ch\/?page_id=13676"},"modified":"2025-10-27T14:33:19","modified_gmt":"2025-10-27T13:33:19","slug":"inscription-aux-cours","status":"publish","type":"page","link":"https:\/\/www.boden-parkettleger.samuraidev.ch\/fr\/inscription-aux-cours\/","title":{"rendered":"Inscription aux cours"},"content":{"rendered":"\n<div class=\"wp-block-contact-form-7-contact-form-selector\">\n<div class=\"wpcf7 no-js\" id=\"wpcf7-f14087-o1\" lang=\"en-US\" dir=\"ltr\" data-wpcf7-id=\"14087\">\n<div class=\"screen-reader-response\"><p role=\"status\" aria-live=\"polite\" aria-atomic=\"true\"><\/p> <ul><\/ul><\/div>\n<form action=\"\/fr\/wp-json\/wp\/v2\/pages\/13676#wpcf7-f14087-o1\" method=\"post\" class=\"wpcf7-form init\" aria-label=\"Contact form\" novalidate=\"novalidate\" data-status=\"init\">\n<fieldset class=\"hidden-fields-container\"><input type=\"hidden\" name=\"_wpcf7\" value=\"14087\" \/><input type=\"hidden\" name=\"_wpcf7_version\" value=\"6.1.5\" \/><input type=\"hidden\" name=\"_wpcf7_locale\" value=\"en_US\" \/><input type=\"hidden\" name=\"_wpcf7_unit_tag\" value=\"wpcf7-f14087-o1\" \/><input type=\"hidden\" name=\"_wpcf7_container_post\" value=\"0\" \/><input type=\"hidden\" name=\"_wpcf7_posted_data_hash\" value=\"\" \/><input type=\"hidden\" name=\"_wpcf7cf_hidden_group_fields\" value=\"[]\" \/><input type=\"hidden\" name=\"_wpcf7cf_hidden_groups\" value=\"[]\" \/><input type=\"hidden\" name=\"_wpcf7cf_visible_groups\" value=\"[]\" \/><input type=\"hidden\" name=\"_wpcf7cf_repeaters\" value=\"[]\" \/><input type=\"hidden\" name=\"_wpcf7cf_steps\" value=\"{}\" \/><input type=\"hidden\" name=\"_wpcf7cf_options\" value=\"{&quot;form_id&quot;:14087,&quot;conditions&quot;:[],&quot;settings&quot;:{&quot;animation&quot;:&quot;yes&quot;,&quot;animation_intime&quot;:200,&quot;animation_outtime&quot;:200,&quot;conditions_ui&quot;:&quot;normal&quot;,&quot;notice_dismissed&quot;:false}}\" \/>\n<\/fieldset>\n<input class=\"wpcf7-form-control wpcf7-hidden\" value=\"CF7_get_post_var key=&#039;post_title&#039;\" type=\"hidden\" name=\"subject_line\" \/>\n<div class=\"form-group\">\n<label for=\"subject\">Cours\/s\u00e9minaiere *<\/label>\n<span class=\"wpcf7-form-control-wrap\" data-name=\"your-subject\"><input size=\"40\" maxlength=\"400\" class=\"wpcf7-form-control wpcf7-text form-control\" id=\"subject\" aria-invalid=\"false\" value=\"\" type=\"text\" name=\"your-subject\" \/><\/span>\n<\/div>\n<p>* Champs obligatoires<\/p>\n<h3>Participants au cours<\/h3>\n<div id=\"collapse-1\" class=\"collapse show\">\n<div class=\"collapse-inner-2\">\n<div class=\"form-group col-3\">\n<label for=\"first-name\">Pr\u00e9nom*<\/label>\n<span class=\"wpcf7-form-control-wrap\" data-name=\"your-first-name\"><input size=\"40\" maxlength=\"400\" class=\"wpcf7-form-control wpcf7-text wpcf7-validates-as-required form-control\" id=\"first-name\" aria-required=\"true\" aria-invalid=\"false\" placeholder=\"Pr\u00e9nom\" value=\"\" type=\"text\" name=\"your-first-name\" \/><\/span>\n<\/div>\n<div class=\"form-group col-3\">\n<label for=\"last-name\">Nom de famille*<\/label>\n<span class=\"wpcf7-form-control-wrap\" data-name=\"your-last-name\"><input size=\"40\" maxlength=\"400\" class=\"wpcf7-form-control wpcf7-text wpcf7-validates-as-required form-control\" id=\"last-name\" aria-required=\"true\" aria-invalid=\"false\" placeholder=\"Nom de famille\" value=\"\" type=\"text\" name=\"your-last-name\" \/><\/span>\n<\/div>\n<div class=\"form-group col-3\">\n<label for=\"phone\">T\u00e9l\u00e9phone*<\/label>\n<span class=\"wpcf7-form-control-wrap\" data-name=\"your-phone\"><input size=\"40\" maxlength=\"400\" class=\"wpcf7-form-control wpcf7-tel wpcf7-validates-as-required wpcf7-text wpcf7-validates-as-tel form-control\" id=\"phone\" aria-required=\"true\" aria-invalid=\"false\" placeholder=\"+41 79 111 11 11\" value=\"\" type=\"tel\" name=\"your-phone\" \/><\/span>\n<\/div>\n<\/div>\n<\/div>\n<div id=\"collapse-1\" class=\"collapse show\">\n<div class=\"collapse-inner-2\">\n<div class=\"form-group col-3\">\n<label for=\"road\">Rue*<\/label>\n<span class=\"wpcf7-form-control-wrap\" data-name=\"your-address\"><input size=\"40\" maxlength=\"400\" class=\"wpcf7-form-control wpcf7-text wpcf7-validates-as-required form-control\" id=\"road\" aria-required=\"true\" aria-invalid=\"false\" placeholder=\"Rue\" value=\"\" type=\"text\" name=\"your-address\" \/><\/span>\n<\/div>\n<div class=\"form-group col-3\">\n<label for=\"city\">Code postal \/ Lieu*<\/label>\n<span class=\"wpcf7-form-control-wrap\" data-name=\"your-plz-city\"><input size=\"40\" maxlength=\"400\" class=\"wpcf7-form-control wpcf7-text wpcf7-validates-as-required form-control\" id=\"city\" aria-required=\"true\" aria-invalid=\"false\" placeholder=\"Code postal \/ Lieu\" value=\"\" type=\"text\" name=\"your-plz-city\" \/><\/span>\n<\/div>\n<div class=\"form-group col-3\">\n<label for=\"email\">E-Mail *<\/label>\n<span class=\"wpcf7-form-control-wrap\" data-name=\"your-email\"><input size=\"40\" maxlength=\"400\" class=\"wpcf7-form-control wpcf7-email wpcf7-validates-as-required wpcf7-text wpcf7-validates-as-email form-control\" id=\"email\" aria-required=\"true\" aria-invalid=\"false\" placeholder=\"example@mail.ch\" value=\"\" type=\"email\" name=\"your-email\" \/><\/span>\n<\/div>\n<\/div>\n<\/div>\n<h3 style=\"margin-top: 2.5em; margin-bottom: 0.5em;\">Entreprise<\/h3>\n<div id=\"collapse-1\" class=\"collapse show\">\n<div class=\"collapse-inner-2\">\n<div class=\"form-group col-3\">\n<label for=\"company\">Nom de l'entreprise*<\/label>\n<span class=\"wpcf7-form-control-wrap\" data-name=\"your-company\"><input size=\"40\" maxlength=\"400\" class=\"wpcf7-form-control wpcf7-text wpcf7-validates-as-required form-control\" id=\"company\" aria-required=\"true\" aria-invalid=\"false\" placeholder=\"Nom de l&#039;entreprise\" value=\"\" type=\"text\" name=\"your-company\" \/><\/span>\n<\/div>\n<div class=\"form-group col-3\">\n<label for=\"function\">Position<\/label>\n<span class=\"wpcf7-form-control-wrap\" data-name=\"your-function\"><input size=\"40\" maxlength=\"400\" class=\"wpcf7-form-control wpcf7-text form-control\" id=\"function\" aria-invalid=\"false\" placeholder=\"Position\" value=\"\" type=\"text\" name=\"your-function\" \/><\/span>\n<\/div>\n<div class=\"form-group col-3\">\n<label for=\"phone-company\">T\u00e9lefone*<\/label>\n<span class=\"wpcf7-form-control-wrap\" data-name=\"your-phone-company\"><input size=\"40\" maxlength=\"400\" class=\"wpcf7-form-control wpcf7-tel wpcf7-validates-as-required wpcf7-text wpcf7-validates-as-tel form-control\" id=\"phone-company\" aria-required=\"true\" aria-invalid=\"false\" placeholder=\"+41 79 111 11 11\" value=\"\" type=\"tel\" name=\"your-phone-company\" \/><\/span>\n<\/div>\n<\/div>\n<\/div>\n<div id=\"collapse-1\" class=\"collapse show\">\n<div class=\"collapse-inner-2\">\n<div class=\"form-group col-3\">\n<label for=\"road-company\">Rue*<\/label>\n<span class=\"wpcf7-form-control-wrap\" data-name=\"your-address-company\"><input size=\"40\" maxlength=\"400\" class=\"wpcf7-form-control wpcf7-text wpcf7-validates-as-required form-control\" id=\"road-company\" aria-required=\"true\" aria-invalid=\"false\" placeholder=\"Rue\" value=\"\" type=\"text\" name=\"your-address-company\" \/><\/span>\n<\/div>\n<div class=\"form-group col-3\">\n<label for=\"city-company\">Code postal \/ Lieu*<\/label>\n<span class=\"wpcf7-form-control-wrap\" data-name=\"your-plz-city-company\"><input size=\"40\" maxlength=\"400\" class=\"wpcf7-form-control wpcf7-text wpcf7-validates-as-required form-control\" id=\"city-company\" aria-required=\"true\" aria-invalid=\"false\" placeholder=\"Code postal \/ Lieu\" value=\"\" type=\"text\" name=\"your-plz-city-company\" \/><\/span>\n<\/div>\n<div class=\"form-group col-3\">\n<label for=\"email-company\">E-Mail *<\/label>\n<span class=\"wpcf7-form-control-wrap\" data-name=\"your-email-company\"><input size=\"40\" maxlength=\"400\" class=\"wpcf7-form-control wpcf7-email wpcf7-validates-as-required wpcf7-text wpcf7-validates-as-email form-control\" id=\"email-company\" aria-required=\"true\" aria-invalid=\"false\" placeholder=\"example@mail.ch\" value=\"\" type=\"email\" name=\"your-email-company\" \/><\/span>\n<\/div>\n<\/div>\n<\/div>\n<div class=\"form-group textarea\" style=\"margin-top: 2em;\">\n<label for=\"message\">Message<\/label>\n<span class=\"wpcf7-form-control-wrap\" data-name=\"your-message\"><textarea cols=\"0\" rows=\"3\" maxlength=\"2000\" class=\"wpcf7-form-control wpcf7-textarea form-control\" id=\"message\" aria-invalid=\"false\" placeholder=\"Votre message...\" name=\"your-message\"><\/textarea><\/span>\n<\/div>\n<div class=\"form-group col-3\"style=\"margin-bottom: 1em;\">\n<label for=\"name\">Question de s\u00e9curit\u00e9*<\/label>\n<span class=\"wpcf7-form-control-wrap\" data-name=\"quiz-705\"><label><span class=\"wpcf7-quiz-label\">Combien font deux fois deux (veuillez saisir le chiffre quatre)<\/span> <input size=\"40\" class=\"wpcf7-form-control wpcf7-quiz form-control\" autocomplete=\"off\" aria-required=\"true\" aria-invalid=\"false\" type=\"text\" name=\"quiz-705\" \/><\/label><input type=\"hidden\" name=\"_wpcf7_quiz_answer_quiz-705\" value=\"b285aeb311464544032537a2733522aa\" \/><\/span>\n<\/div>\n<div class=\"confirmation\">\n<div class=\"form-check\">\n<span class=\"wpcf7-form-control-wrap\" data-name=\"your-consent\"><span class=\"wpcf7-form-control wpcf7-acceptance\"><span class=\"wpcf7-list-item\"><label><input type=\"checkbox\" name=\"your-consent\" value=\"1\" aria-invalid=\"false\" \/><span class=\"wpcf7-list-item-label\">J'ai lu la <a href=\"https:\/\/www.boden-parkettleger.samuraidev.ch\/declaration-de-confidentialite\/\" target=\"_blank\" rel=\"noopener\">Declaration-de-confidentialite<\/a> et je l'accepte.<\/span><\/label><\/span><\/span><\/span>\n<\/div>\n<\/div>\n<div class=\"btn-wr\">\n<\/br>\n<input class=\"wpcf7-form-control wpcf7-submit has-spinner btn btn-primary\" type=\"submit\" value=\"Envoyer l&#039;instription\" \/>\n<\/div><div class=\"wpcf7-response-output\" aria-hidden=\"true\"><\/div>\n<\/form>\n<\/div>\n<\/div>\n\n\n\n<p><\/p>\n","protected":false},"excerpt":{"rendered":"","protected":false},"author":3,"featured_media":0,"parent":0,"menu_order":182,"comment_status":"closed","ping_status":"closed","template":"","meta":{"_acf_changed":false,"footnotes":""},"class_list":["post-13676","page","type-page","status-publish","hentry"],"acf":[],"yoast_head":"<!-- This site is optimized with the Yoast SEO plugin v27.4 - https:\/\/yoast.com\/product\/yoast-seo-wordpress\/ -->\n<title>Inscription aux cours | Formation Professionnelle sol &amp; parquet<\/title>\n<meta name=\"description\" content=\"Sur cette page, tu peux t&#039;inscrire en ligne \u00e0 un cours de formation, un s\u00e9minaire ou un cours de pr\u00e9paration au PQ. Amuse-toi bien !\" \/>\n<meta name=\"robots\" content=\"index, follow, max-snippet:-1, max-image-preview:large, max-video-preview:-1\" \/>\n<link rel=\"canonical\" href=\"https:\/\/www.boden-parkettleger.samuraidev.ch\/fr\/inscription-aux-cours\/\" \/>\n<meta property=\"og:locale\" content=\"fr_FR\" \/>\n<meta property=\"og:type\" content=\"article\" \/>\n<meta property=\"og:title\" content=\"Inscription aux cours | Formation Professionnelle sol &amp; parquet\" \/>\n<meta property=\"og:description\" content=\"Sur cette page, tu peux t&#039;inscrire en ligne \u00e0 un cours de formation, un s\u00e9minaire ou un cours de pr\u00e9paration au PQ. Amuse-toi bien !\" \/>\n<meta property=\"og:url\" content=\"https:\/\/www.boden-parkettleger.samuraidev.ch\/fr\/inscription-aux-cours\/\" \/>\n<meta property=\"og:site_name\" content=\"Boden- und Parkettleger\" \/>\n<meta property=\"article:modified_time\" content=\"2025-10-27T13:33:19+00:00\" \/>\n<meta name=\"twitter:card\" content=\"summary_large_image\" \/>\n<script type=\"application\/ld+json\" class=\"yoast-schema-graph\">{\"@context\":\"https:\\\/\\\/schema.org\",\"@graph\":[{\"@type\":\"WebPage\",\"@id\":\"https:\\\/\\\/www.boden-parkettleger.samuraidev.ch\\\/fr\\\/inscription-aux-cours\\\/\",\"url\":\"https:\\\/\\\/www.boden-parkettleger.samuraidev.ch\\\/fr\\\/inscription-aux-cours\\\/\",\"name\":\"Inscription aux cours | Formation Professionnelle sol & parquet\",\"isPartOf\":{\"@id\":\"https:\\\/\\\/www.boden-parkettleger.samuraidev.ch\\\/fr\\\/#website\"},\"datePublished\":\"2024-12-14T13:33:57+00:00\",\"dateModified\":\"2025-10-27T13:33:19+00:00\",\"description\":\"Sur cette page, tu peux t'inscrire en ligne \u00e0 un cours de formation, un s\u00e9minaire ou un cours de pr\u00e9paration au PQ. Amuse-toi bien !\",\"breadcrumb\":{\"@id\":\"https:\\\/\\\/www.boden-parkettleger.samuraidev.ch\\\/fr\\\/inscription-aux-cours\\\/#breadcrumb\"},\"inLanguage\":\"fr-FR\",\"potentialAction\":[{\"@type\":\"ReadAction\",\"target\":[\"https:\\\/\\\/www.boden-parkettleger.samuraidev.ch\\\/fr\\\/inscription-aux-cours\\\/\"]}]},{\"@type\":\"BreadcrumbList\",\"@id\":\"https:\\\/\\\/www.boden-parkettleger.samuraidev.ch\\\/fr\\\/inscription-aux-cours\\\/#breadcrumb\",\"itemListElement\":[{\"@type\":\"ListItem\",\"position\":1,\"name\":\"Home\",\"item\":\"https:\\\/\\\/www.boden-parkettleger.samuraidev.ch\\\/fr\\\/\"},{\"@type\":\"ListItem\",\"position\":2,\"name\":\"Inscription aux cours\"}]},{\"@type\":\"WebSite\",\"@id\":\"https:\\\/\\\/www.boden-parkettleger.samuraidev.ch\\\/fr\\\/#website\",\"url\":\"https:\\\/\\\/www.boden-parkettleger.samuraidev.ch\\\/fr\\\/\",\"name\":\"Boden- und Parkettleger\",\"description\":\"\",\"alternateName\":\"Boden- & Parkettleger\",\"potentialAction\":[{\"@type\":\"SearchAction\",\"target\":{\"@type\":\"EntryPoint\",\"urlTemplate\":\"https:\\\/\\\/www.boden-parkettleger.samuraidev.ch\\\/fr\\\/?s={search_term_string}\"},\"query-input\":{\"@type\":\"PropertyValueSpecification\",\"valueRequired\":true,\"valueName\":\"search_term_string\"}}],\"inLanguage\":\"fr-FR\"}]}<\/script>\n<!-- \/ Yoast SEO plugin. -->","yoast_head_json":{"title":"Inscription aux cours | Formation Professionnelle sol & parquet","description":"Sur cette page, tu peux t'inscrire en ligne \u00e0 un cours de formation, un s\u00e9minaire ou un cours de pr\u00e9paration au PQ. Amuse-toi bien !","robots":{"index":"index","follow":"follow","max-snippet":"max-snippet:-1","max-image-preview":"max-image-preview:large","max-video-preview":"max-video-preview:-1"},"canonical":"https:\/\/www.boden-parkettleger.samuraidev.ch\/fr\/inscription-aux-cours\/","og_locale":"fr_FR","og_type":"article","og_title":"Inscription aux cours | Formation Professionnelle sol & parquet","og_description":"Sur cette page, tu peux t'inscrire en ligne \u00e0 un cours de formation, un s\u00e9minaire ou un cours de pr\u00e9paration au PQ. Amuse-toi bien !","og_url":"https:\/\/www.boden-parkettleger.samuraidev.ch\/fr\/inscription-aux-cours\/","og_site_name":"Boden- und Parkettleger","article_modified_time":"2025-10-27T13:33:19+00:00","twitter_card":"summary_large_image","schema":{"@context":"https:\/\/schema.org","@graph":[{"@type":"WebPage","@id":"https:\/\/www.boden-parkettleger.samuraidev.ch\/fr\/inscription-aux-cours\/","url":"https:\/\/www.boden-parkettleger.samuraidev.ch\/fr\/inscription-aux-cours\/","name":"Inscription aux cours | Formation Professionnelle sol & parquet","isPartOf":{"@id":"https:\/\/www.boden-parkettleger.samuraidev.ch\/fr\/#website"},"datePublished":"2024-12-14T13:33:57+00:00","dateModified":"2025-10-27T13:33:19+00:00","description":"Sur cette page, tu peux t'inscrire en ligne \u00e0 un cours de formation, un s\u00e9minaire ou un cours de pr\u00e9paration au PQ. Amuse-toi bien !","breadcrumb":{"@id":"https:\/\/www.boden-parkettleger.samuraidev.ch\/fr\/inscription-aux-cours\/#breadcrumb"},"inLanguage":"fr-FR","potentialAction":[{"@type":"ReadAction","target":["https:\/\/www.boden-parkettleger.samuraidev.ch\/fr\/inscription-aux-cours\/"]}]},{"@type":"BreadcrumbList","@id":"https:\/\/www.boden-parkettleger.samuraidev.ch\/fr\/inscription-aux-cours\/#breadcrumb","itemListElement":[{"@type":"ListItem","position":1,"name":"Home","item":"https:\/\/www.boden-parkettleger.samuraidev.ch\/fr\/"},{"@type":"ListItem","position":2,"name":"Inscription aux cours"}]},{"@type":"WebSite","@id":"https:\/\/www.boden-parkettleger.samuraidev.ch\/fr\/#website","url":"https:\/\/www.boden-parkettleger.samuraidev.ch\/fr\/","name":"Boden- und Parkettleger","description":"","alternateName":"Boden- & Parkettleger","potentialAction":[{"@type":"SearchAction","target":{"@type":"EntryPoint","urlTemplate":"https:\/\/www.boden-parkettleger.samuraidev.ch\/fr\/?s={search_term_string}"},"query-input":{"@type":"PropertyValueSpecification","valueRequired":true,"valueName":"search_term_string"}}],"inLanguage":"fr-FR"}]}},"_links":{"self":[{"href":"https:\/\/www.boden-parkettleger.samuraidev.ch\/fr\/wp-json\/wp\/v2\/pages\/13676","targetHints":{"allow":["GET"]}}],"collection":[{"href":"https:\/\/www.boden-parkettleger.samuraidev.ch\/fr\/wp-json\/wp\/v2\/pages"}],"about":[{"href":"https:\/\/www.boden-parkettleger.samuraidev.ch\/fr\/wp-json\/wp\/v2\/types\/page"}],"author":[{"embeddable":true,"href":"https:\/\/www.boden-parkettleger.samuraidev.ch\/fr\/wp-json\/wp\/v2\/users\/3"}],"replies":[{"embeddable":true,"href":"https:\/\/www.boden-parkettleger.samuraidev.ch\/fr\/wp-json\/wp\/v2\/comments?post=13676"}],"version-history":[{"count":4,"href":"https:\/\/www.boden-parkettleger.samuraidev.ch\/fr\/wp-json\/wp\/v2\/pages\/13676\/revisions"}],"predecessor-version":[{"id":14090,"href":"https:\/\/www.boden-parkettleger.samuraidev.ch\/fr\/wp-json\/wp\/v2\/pages\/13676\/revisions\/14090"}],"wp:attachment":[{"href":"https:\/\/www.boden-parkettleger.samuraidev.ch\/fr\/wp-json\/wp\/v2\/media?parent=13676"}],"curies":[{"name":"wp","href":"https:\/\/api.w.org\/{rel}","templated":true}]}}