{"id":13669,"date":"2024-12-13T14:42:29","date_gmt":"2024-12-13T13:42:29","guid":{"rendered":"https:\/\/www.boden-parkettleger.samuraidev.ch\/?page_id=13669"},"modified":"2025-10-27T09:28:42","modified_gmt":"2025-10-27T08:28:42","slug":"cours-express-pour-debuter-en-tant-que-poseur-de-sol-parquet","status":"publish","type":"page","link":"https:\/\/www.boden-parkettleger.samuraidev.ch\/fr\/formation-continue\/cours-de-base-pour-personnes-en-reconversion\/cours-express-pour-debuter-en-tant-que-poseur-de-sol-parquet\/","title":{"rendered":"Cours express : entr\u00e9e en pose de sol-parquet"},"content":{"rendered":"","protected":false},"excerpt":{"rendered":"","protected":false},"author":11,"featured_media":11696,"parent":13621,"menu_order":129,"comment_status":"closed","ping_status":"closed","template":"","meta":{"_acf_changed":false,"footnotes":""},"class_list":["post-13669","page","type-page","status-publish","has-post-thumbnail","hentry"],"acf":[],"yoast_head":"<!-- This site is optimized with the Yoast SEO plugin v27.4 - https:\/\/yoast.com\/product\/yoast-seo-wordpress\/ -->\n<title>cours express : entr\u00e9e en pose de sol-parquet | cours pratique<\/title>\n<meta name=\"description\" content=\"Apprends la base du m\u00e9tier en seulement 4 jours : pr\u00e9paration, pose et entretien de rev\u00eatements de sol tels que linol\u00e9um, LVT, moquette et parquet.\" \/>\n<meta name=\"robots\" content=\"index, follow, max-snippet:-1, max-image-preview:large, max-video-preview:-1\" \/>\n<link rel=\"canonical\" href=\"https:\/\/www.boden-parkettleger.samuraidev.ch\/fr\/formation-continue\/cours-de-base-pour-personnes-en-reconversion\/cours-express-pour-debuter-en-tant-que-poseur-de-sol-parquet\/\" \/>\n<meta property=\"og:locale\" content=\"fr_FR\" \/>\n<meta property=\"og:type\" content=\"article\" \/>\n<meta property=\"og:title\" content=\"cours express : entr\u00e9e en pose de sol-parquet | cours pratique\" \/>\n<meta property=\"og:description\" content=\"Apprends la base du m\u00e9tier en seulement 4 jours : pr\u00e9paration, pose et entretien de rev\u00eatements de sol tels que linol\u00e9um, LVT, moquette et parquet.\" \/>\n<meta property=\"og:url\" content=\"https:\/\/www.boden-parkettleger.samuraidev.ch\/fr\/formation-continue\/cours-de-base-pour-personnes-en-reconversion\/cours-express-pour-debuter-en-tant-que-poseur-de-sol-parquet\/\" \/>\n<meta property=\"og:site_name\" content=\"Boden- und Parkettleger\" \/>\n<meta property=\"article:modified_time\" content=\"2025-10-27T08:28:42+00:00\" \/>\n<meta property=\"og:image\" content=\"https:\/\/www.boden-parkettleger.samuraidev.ch\/wp-content\/uploads\/2025\/03\/expresskurs-einstieg-als-boden-parkettleger-boden-parkettleger-2-scaled.jpg\" \/>\n\t<meta property=\"og:image:width\" content=\"1920\" \/>\n\t<meta property=\"og:image:height\" content=\"1097\" \/>\n\t<meta property=\"og:image:type\" content=\"image\/jpeg\" \/>\n<meta name=\"twitter:card\" content=\"summary_large_image\" \/>\n<script type=\"application\/ld+json\" class=\"yoast-schema-graph\">{\"@context\":\"https:\\\/\\\/schema.org\",\"@graph\":[{\"@type\":\"WebPage\",\"@id\":\"https:\\\/\\\/www.boden-parkettleger.samuraidev.ch\\\/fr\\\/formation-continue\\\/cours-de-base-pour-personnes-en-reconversion\\\/cours-express-pour-debuter-en-tant-que-poseur-de-sol-parquet\\\/\",\"url\":\"https:\\\/\\\/www.boden-parkettleger.samuraidev.ch\\\/fr\\\/formation-continue\\\/cours-de-base-pour-personnes-en-reconversion\\\/cours-express-pour-debuter-en-tant-que-poseur-de-sol-parquet\\\/\",\"name\":\"cours express : entr\u00e9e en pose de sol-parquet | cours pratique\",\"isPartOf\":{\"@id\":\"https:\\\/\\\/www.boden-parkettleger.samuraidev.ch\\\/fr\\\/#website\"},\"primaryImageOfPage\":{\"@id\":\"https:\\\/\\\/www.boden-parkettleger.samuraidev.ch\\\/fr\\\/formation-continue\\\/cours-de-base-pour-personnes-en-reconversion\\\/cours-express-pour-debuter-en-tant-que-poseur-de-sol-parquet\\\/#primaryimage\"},\"image\":{\"@id\":\"https:\\\/\\\/www.boden-parkettleger.samuraidev.ch\\\/fr\\\/formation-continue\\\/cours-de-base-pour-personnes-en-reconversion\\\/cours-express-pour-debuter-en-tant-que-poseur-de-sol-parquet\\\/#primaryimage\"},\"thumbnailUrl\":\"https:\\\/\\\/www.boden-parkettleger.samuraidev.ch\\\/wp-content\\\/uploads\\\/2025\\\/03\\\/expresskurs-einstieg-als-boden-parkettleger-boden-parkettleger-2-scaled.jpg\",\"datePublished\":\"2024-12-13T13:42:29+00:00\",\"dateModified\":\"2025-10-27T08:28:42+00:00\",\"description\":\"Apprends la base du m\u00e9tier en seulement 4 jours : pr\u00e9paration, pose et entretien de rev\u00eatements de sol tels que linol\u00e9um, LVT, moquette et parquet.\",\"breadcrumb\":{\"@id\":\"https:\\\/\\\/www.boden-parkettleger.samuraidev.ch\\\/fr\\\/formation-continue\\\/cours-de-base-pour-personnes-en-reconversion\\\/cours-express-pour-debuter-en-tant-que-poseur-de-sol-parquet\\\/#breadcrumb\"},\"inLanguage\":\"fr-FR\",\"potentialAction\":[{\"@type\":\"ReadAction\",\"target\":[\"https:\\\/\\\/www.boden-parkettleger.samuraidev.ch\\\/fr\\\/formation-continue\\\/cours-de-base-pour-personnes-en-reconversion\\\/cours-express-pour-debuter-en-tant-que-poseur-de-sol-parquet\\\/\"]}]},{\"@type\":\"ImageObject\",\"inLanguage\":\"fr-FR\",\"@id\":\"https:\\\/\\\/www.boden-parkettleger.samuraidev.ch\\\/fr\\\/formation-continue\\\/cours-de-base-pour-personnes-en-reconversion\\\/cours-express-pour-debuter-en-tant-que-poseur-de-sol-parquet\\\/#primaryimage\",\"url\":\"https:\\\/\\\/www.boden-parkettleger.samuraidev.ch\\\/wp-content\\\/uploads\\\/2025\\\/03\\\/expresskurs-einstieg-als-boden-parkettleger-boden-parkettleger-2-scaled.jpg\",\"contentUrl\":\"https:\\\/\\\/www.boden-parkettleger.samuraidev.ch\\\/wp-content\\\/uploads\\\/2025\\\/03\\\/expresskurs-einstieg-als-boden-parkettleger-boden-parkettleger-2-scaled.jpg\",\"width\":1920,\"height\":1097,\"caption\":\"Cours express : entr\u00e9e en pose de sol-parquet - Bodenleger und Parkettleger | Berufsbildung Boden und Parkett\"},{\"@type\":\"BreadcrumbList\",\"@id\":\"https:\\\/\\\/www.boden-parkettleger.samuraidev.ch\\\/fr\\\/formation-continue\\\/cours-de-base-pour-personnes-en-reconversion\\\/cours-express-pour-debuter-en-tant-que-poseur-de-sol-parquet\\\/#breadcrumb\",\"itemListElement\":[{\"@type\":\"ListItem\",\"position\":1,\"name\":\"Home\",\"item\":\"https:\\\/\\\/www.boden-parkettleger.samuraidev.ch\\\/fr\\\/\"},{\"@type\":\"ListItem\",\"position\":2,\"name\":\"Formation continue\",\"item\":\"https:\\\/\\\/www.boden-parkettleger.samuraidev.ch\\\/fr\\\/formation-continue\\\/\"},{\"@type\":\"ListItem\",\"position\":3,\"name\":\"Cours de base pour personnes en reconversion\",\"item\":\"https:\\\/\\\/www.boden-parkettleger.samuraidev.ch\\\/fr\\\/formation-continue\\\/cours-de-base-pour-personnes-en-reconversion\\\/\"},{\"@type\":\"ListItem\",\"position\":4,\"name\":\"Cours express : entr\u00e9e en pose de sol-parquet\"}]},{\"@type\":\"WebSite\",\"@id\":\"https:\\\/\\\/www.boden-parkettleger.samuraidev.ch\\\/fr\\\/#website\",\"url\":\"https:\\\/\\\/www.boden-parkettleger.samuraidev.ch\\\/fr\\\/\",\"name\":\"Boden- und Parkettleger\",\"description\":\"\",\"alternateName\":\"Boden- & Parkettleger\",\"potentialAction\":[{\"@type\":\"SearchAction\",\"target\":{\"@type\":\"EntryPoint\",\"urlTemplate\":\"https:\\\/\\\/www.boden-parkettleger.samuraidev.ch\\\/fr\\\/?s={search_term_string}\"},\"query-input\":{\"@type\":\"PropertyValueSpecification\",\"valueRequired\":true,\"valueName\":\"search_term_string\"}}],\"inLanguage\":\"fr-FR\"}]}<\/script>\n<!-- \/ Yoast SEO plugin. -->","yoast_head_json":{"title":"cours express : entr\u00e9e en pose de sol-parquet | cours pratique","description":"Apprends la base du m\u00e9tier en seulement 4 jours : pr\u00e9paration, pose et entretien de rev\u00eatements de sol tels que linol\u00e9um, LVT, moquette et parquet.","robots":{"index":"index","follow":"follow","max-snippet":"max-snippet:-1","max-image-preview":"max-image-preview:large","max-video-preview":"max-video-preview:-1"},"canonical":"https:\/\/www.boden-parkettleger.samuraidev.ch\/fr\/formation-continue\/cours-de-base-pour-personnes-en-reconversion\/cours-express-pour-debuter-en-tant-que-poseur-de-sol-parquet\/","og_locale":"fr_FR","og_type":"article","og_title":"cours express : entr\u00e9e en pose de sol-parquet | cours pratique","og_description":"Apprends la base du m\u00e9tier en seulement 4 jours : pr\u00e9paration, pose et entretien de rev\u00eatements de sol tels que linol\u00e9um, LVT, moquette et parquet.","og_url":"https:\/\/www.boden-parkettleger.samuraidev.ch\/fr\/formation-continue\/cours-de-base-pour-personnes-en-reconversion\/cours-express-pour-debuter-en-tant-que-poseur-de-sol-parquet\/","og_site_name":"Boden- und Parkettleger","article_modified_time":"2025-10-27T08:28:42+00:00","og_image":[{"width":1920,"height":1097,"url":"https:\/\/www.boden-parkettleger.samuraidev.ch\/wp-content\/uploads\/2025\/03\/expresskurs-einstieg-als-boden-parkettleger-boden-parkettleger-2-scaled.jpg","type":"image\/jpeg"}],"twitter_card":"summary_large_image","schema":{"@context":"https:\/\/schema.org","@graph":[{"@type":"WebPage","@id":"https:\/\/www.boden-parkettleger.samuraidev.ch\/fr\/formation-continue\/cours-de-base-pour-personnes-en-reconversion\/cours-express-pour-debuter-en-tant-que-poseur-de-sol-parquet\/","url":"https:\/\/www.boden-parkettleger.samuraidev.ch\/fr\/formation-continue\/cours-de-base-pour-personnes-en-reconversion\/cours-express-pour-debuter-en-tant-que-poseur-de-sol-parquet\/","name":"cours express : entr\u00e9e en pose de sol-parquet | cours pratique","isPartOf":{"@id":"https:\/\/www.boden-parkettleger.samuraidev.ch\/fr\/#website"},"primaryImageOfPage":{"@id":"https:\/\/www.boden-parkettleger.samuraidev.ch\/fr\/formation-continue\/cours-de-base-pour-personnes-en-reconversion\/cours-express-pour-debuter-en-tant-que-poseur-de-sol-parquet\/#primaryimage"},"image":{"@id":"https:\/\/www.boden-parkettleger.samuraidev.ch\/fr\/formation-continue\/cours-de-base-pour-personnes-en-reconversion\/cours-express-pour-debuter-en-tant-que-poseur-de-sol-parquet\/#primaryimage"},"thumbnailUrl":"https:\/\/www.boden-parkettleger.samuraidev.ch\/wp-content\/uploads\/2025\/03\/expresskurs-einstieg-als-boden-parkettleger-boden-parkettleger-2-scaled.jpg","datePublished":"2024-12-13T13:42:29+00:00","dateModified":"2025-10-27T08:28:42+00:00","description":"Apprends la base du m\u00e9tier en seulement 4 jours : pr\u00e9paration, pose et entretien de rev\u00eatements de sol tels que linol\u00e9um, LVT, moquette et parquet.","breadcrumb":{"@id":"https:\/\/www.boden-parkettleger.samuraidev.ch\/fr\/formation-continue\/cours-de-base-pour-personnes-en-reconversion\/cours-express-pour-debuter-en-tant-que-poseur-de-sol-parquet\/#breadcrumb"},"inLanguage":"fr-FR","potentialAction":[{"@type":"ReadAction","target":["https:\/\/www.boden-parkettleger.samuraidev.ch\/fr\/formation-continue\/cours-de-base-pour-personnes-en-reconversion\/cours-express-pour-debuter-en-tant-que-poseur-de-sol-parquet\/"]}]},{"@type":"ImageObject","inLanguage":"fr-FR","@id":"https:\/\/www.boden-parkettleger.samuraidev.ch\/fr\/formation-continue\/cours-de-base-pour-personnes-en-reconversion\/cours-express-pour-debuter-en-tant-que-poseur-de-sol-parquet\/#primaryimage","url":"https:\/\/www.boden-parkettleger.samuraidev.ch\/wp-content\/uploads\/2025\/03\/expresskurs-einstieg-als-boden-parkettleger-boden-parkettleger-2-scaled.jpg","contentUrl":"https:\/\/www.boden-parkettleger.samuraidev.ch\/wp-content\/uploads\/2025\/03\/expresskurs-einstieg-als-boden-parkettleger-boden-parkettleger-2-scaled.jpg","width":1920,"height":1097,"caption":"Cours express : entr\u00e9e en pose de sol-parquet - Bodenleger und Parkettleger | Berufsbildung Boden und Parkett"},{"@type":"BreadcrumbList","@id":"https:\/\/www.boden-parkettleger.samuraidev.ch\/fr\/formation-continue\/cours-de-base-pour-personnes-en-reconversion\/cours-express-pour-debuter-en-tant-que-poseur-de-sol-parquet\/#breadcrumb","itemListElement":[{"@type":"ListItem","position":1,"name":"Home","item":"https:\/\/www.boden-parkettleger.samuraidev.ch\/fr\/"},{"@type":"ListItem","position":2,"name":"Formation continue","item":"https:\/\/www.boden-parkettleger.samuraidev.ch\/fr\/formation-continue\/"},{"@type":"ListItem","position":3,"name":"Cours de base pour personnes en reconversion","item":"https:\/\/www.boden-parkettleger.samuraidev.ch\/fr\/formation-continue\/cours-de-base-pour-personnes-en-reconversion\/"},{"@type":"ListItem","position":4,"name":"Cours express : entr\u00e9e en pose de sol-parquet"}]},{"@type":"WebSite","@id":"https:\/\/www.boden-parkettleger.samuraidev.ch\/fr\/#website","url":"https:\/\/www.boden-parkettleger.samuraidev.ch\/fr\/","name":"Boden- und Parkettleger","description":"","alternateName":"Boden- & Parkettleger","potentialAction":[{"@type":"SearchAction","target":{"@type":"EntryPoint","urlTemplate":"https:\/\/www.boden-parkettleger.samuraidev.ch\/fr\/?s={search_term_string}"},"query-input":{"@type":"PropertyValueSpecification","valueRequired":true,"valueName":"search_term_string"}}],"inLanguage":"fr-FR"}]}},"_links":{"self":[{"href":"https:\/\/www.boden-parkettleger.samuraidev.ch\/fr\/wp-json\/wp\/v2\/pages\/13669","targetHints":{"allow":["GET"]}}],"collection":[{"href":"https:\/\/www.boden-parkettleger.samuraidev.ch\/fr\/wp-json\/wp\/v2\/pages"}],"about":[{"href":"https:\/\/www.boden-parkettleger.samuraidev.ch\/fr\/wp-json\/wp\/v2\/types\/page"}],"author":[{"embeddable":true,"href":"https:\/\/www.boden-parkettleger.samuraidev.ch\/fr\/wp-json\/wp\/v2\/users\/11"}],"replies":[{"embeddable":true,"href":"https:\/\/www.boden-parkettleger.samuraidev.ch\/fr\/wp-json\/wp\/v2\/comments?post=13669"}],"version-history":[{"count":3,"href":"https:\/\/www.boden-parkettleger.samuraidev.ch\/fr\/wp-json\/wp\/v2\/pages\/13669\/revisions"}],"predecessor-version":[{"id":13911,"href":"https:\/\/www.boden-parkettleger.samuraidev.ch\/fr\/wp-json\/wp\/v2\/pages\/13669\/revisions\/13911"}],"up":[{"embeddable":true,"href":"https:\/\/www.boden-parkettleger.samuraidev.ch\/fr\/wp-json\/wp\/v2\/pages\/13621"}],"wp:featuredmedia":[{"embeddable":true,"href":"https:\/\/www.boden-parkettleger.samuraidev.ch\/fr\/wp-json\/wp\/v2\/media\/11696"}],"wp:attachment":[{"href":"https:\/\/www.boden-parkettleger.samuraidev.ch\/fr\/wp-json\/wp\/v2\/media?parent=13669"}],"curies":[{"name":"wp","href":"https:\/\/api.w.org\/{rel}","templated":true}]}}