{"id":13621,"date":"2025-03-11T14:20:27","date_gmt":"2025-03-11T13:20:27","guid":{"rendered":"https:\/\/www.boden-parkettleger.samuraidev.ch\/?page_id=13621"},"modified":"2025-10-27T09:33:38","modified_gmt":"2025-10-27T08:33:38","slug":"cours-de-base-pour-personnes-en-reconversion","status":"publish","type":"page","link":"https:\/\/www.boden-parkettleger.samuraidev.ch\/fr\/formation-continue\/cours-de-base-pour-personnes-en-reconversion\/","title":{"rendered":"Cours de base pour personnes en reconversion"},"content":{"rendered":"","protected":false},"excerpt":{"rendered":"","protected":false},"author":11,"featured_media":0,"parent":13814,"menu_order":126,"comment_status":"closed","ping_status":"closed","template":"templates\/services.php","meta":{"_acf_changed":false,"footnotes":""},"class_list":["post-13621","page","type-page","status-publish","hentry"],"acf":[],"yoast_head":"<!-- This site is optimized with the Yoast SEO plugin v27.4 - https:\/\/yoast.com\/product\/yoast-seo-wordpress\/ -->\n<title>Cours de base pour personnes en reconversion | Branche de rev\u00eatement de sol<\/title>\n<meta name=\"description\" content=\"Qu&#039;il s&#039;agisse du cours pratique express ou du cours th\u00e9orique, les deux cours de base cr\u00e9ent la base id\u00e9ale pour un d\u00e9marrage r\u00e9ussi dans le monde des rev\u00eatements de sol.\" \/>\n<meta name=\"robots\" content=\"index, follow, max-snippet:-1, max-image-preview:large, max-video-preview:-1\" \/>\n<link rel=\"canonical\" href=\"https:\/\/www.boden-parkettleger.samuraidev.ch\/fr\/formation-continue\/cours-de-base-pour-personnes-en-reconversion\/\" \/>\n<meta property=\"og:locale\" content=\"fr_FR\" \/>\n<meta property=\"og:type\" content=\"article\" \/>\n<meta property=\"og:title\" content=\"Cours de base pour personnes en reconversion | Branche de rev\u00eatement de sol\" \/>\n<meta property=\"og:description\" content=\"Qu&#039;il s&#039;agisse du cours pratique express ou du cours th\u00e9orique, les deux cours de base cr\u00e9ent la base id\u00e9ale pour un d\u00e9marrage r\u00e9ussi dans le monde des rev\u00eatements de sol.\" \/>\n<meta property=\"og:url\" content=\"https:\/\/www.boden-parkettleger.samuraidev.ch\/fr\/formation-continue\/cours-de-base-pour-personnes-en-reconversion\/\" \/>\n<meta property=\"og:site_name\" content=\"Boden- und Parkettleger\" \/>\n<meta property=\"article:modified_time\" content=\"2025-10-27T08:33:38+00:00\" \/>\n<meta name=\"twitter:card\" content=\"summary_large_image\" \/>\n<script type=\"application\/ld+json\" class=\"yoast-schema-graph\">{\"@context\":\"https:\\\/\\\/schema.org\",\"@graph\":[{\"@type\":\"WebPage\",\"@id\":\"https:\\\/\\\/www.boden-parkettleger.samuraidev.ch\\\/fr\\\/formation-continue\\\/cours-de-base-pour-personnes-en-reconversion\\\/\",\"url\":\"https:\\\/\\\/www.boden-parkettleger.samuraidev.ch\\\/fr\\\/formation-continue\\\/cours-de-base-pour-personnes-en-reconversion\\\/\",\"name\":\"Cours de base pour personnes en reconversion | Branche de rev\u00eatement de sol\",\"isPartOf\":{\"@id\":\"https:\\\/\\\/www.boden-parkettleger.samuraidev.ch\\\/fr\\\/#website\"},\"datePublished\":\"2025-03-11T13:20:27+00:00\",\"dateModified\":\"2025-10-27T08:33:38+00:00\",\"description\":\"Qu'il s'agisse du cours pratique express ou du cours th\u00e9orique, les deux cours de base cr\u00e9ent la base id\u00e9ale pour un d\u00e9marrage r\u00e9ussi dans le monde des rev\u00eatements de sol.\",\"breadcrumb\":{\"@id\":\"https:\\\/\\\/www.boden-parkettleger.samuraidev.ch\\\/fr\\\/formation-continue\\\/cours-de-base-pour-personnes-en-reconversion\\\/#breadcrumb\"},\"inLanguage\":\"fr-FR\",\"potentialAction\":[{\"@type\":\"ReadAction\",\"target\":[\"https:\\\/\\\/www.boden-parkettleger.samuraidev.ch\\\/fr\\\/formation-continue\\\/cours-de-base-pour-personnes-en-reconversion\\\/\"]}]},{\"@type\":\"BreadcrumbList\",\"@id\":\"https:\\\/\\\/www.boden-parkettleger.samuraidev.ch\\\/fr\\\/formation-continue\\\/cours-de-base-pour-personnes-en-reconversion\\\/#breadcrumb\",\"itemListElement\":[{\"@type\":\"ListItem\",\"position\":1,\"name\":\"Home\",\"item\":\"https:\\\/\\\/www.boden-parkettleger.samuraidev.ch\\\/fr\\\/\"},{\"@type\":\"ListItem\",\"position\":2,\"name\":\"Formation continue\",\"item\":\"https:\\\/\\\/www.boden-parkettleger.samuraidev.ch\\\/fr\\\/formation-continue\\\/\"},{\"@type\":\"ListItem\",\"position\":3,\"name\":\"Cours de base pour personnes en reconversion\"}]},{\"@type\":\"WebSite\",\"@id\":\"https:\\\/\\\/www.boden-parkettleger.samuraidev.ch\\\/fr\\\/#website\",\"url\":\"https:\\\/\\\/www.boden-parkettleger.samuraidev.ch\\\/fr\\\/\",\"name\":\"Boden- und Parkettleger\",\"description\":\"\",\"alternateName\":\"Boden- & Parkettleger\",\"potentialAction\":[{\"@type\":\"SearchAction\",\"target\":{\"@type\":\"EntryPoint\",\"urlTemplate\":\"https:\\\/\\\/www.boden-parkettleger.samuraidev.ch\\\/fr\\\/?s={search_term_string}\"},\"query-input\":{\"@type\":\"PropertyValueSpecification\",\"valueRequired\":true,\"valueName\":\"search_term_string\"}}],\"inLanguage\":\"fr-FR\"}]}<\/script>\n<!-- \/ Yoast SEO plugin. -->","yoast_head_json":{"title":"Cours de base pour personnes en reconversion | Branche de rev\u00eatement de sol","description":"Qu'il s'agisse du cours pratique express ou du cours th\u00e9orique, les deux cours de base cr\u00e9ent la base id\u00e9ale pour un d\u00e9marrage r\u00e9ussi dans le monde des rev\u00eatements de sol.","robots":{"index":"index","follow":"follow","max-snippet":"max-snippet:-1","max-image-preview":"max-image-preview:large","max-video-preview":"max-video-preview:-1"},"canonical":"https:\/\/www.boden-parkettleger.samuraidev.ch\/fr\/formation-continue\/cours-de-base-pour-personnes-en-reconversion\/","og_locale":"fr_FR","og_type":"article","og_title":"Cours de base pour personnes en reconversion | Branche de rev\u00eatement de sol","og_description":"Qu'il s'agisse du cours pratique express ou du cours th\u00e9orique, les deux cours de base cr\u00e9ent la base id\u00e9ale pour un d\u00e9marrage r\u00e9ussi dans le monde des rev\u00eatements de sol.","og_url":"https:\/\/www.boden-parkettleger.samuraidev.ch\/fr\/formation-continue\/cours-de-base-pour-personnes-en-reconversion\/","og_site_name":"Boden- und Parkettleger","article_modified_time":"2025-10-27T08:33:38+00:00","twitter_card":"summary_large_image","schema":{"@context":"https:\/\/schema.org","@graph":[{"@type":"WebPage","@id":"https:\/\/www.boden-parkettleger.samuraidev.ch\/fr\/formation-continue\/cours-de-base-pour-personnes-en-reconversion\/","url":"https:\/\/www.boden-parkettleger.samuraidev.ch\/fr\/formation-continue\/cours-de-base-pour-personnes-en-reconversion\/","name":"Cours de base pour personnes en reconversion | Branche de rev\u00eatement de sol","isPartOf":{"@id":"https:\/\/www.boden-parkettleger.samuraidev.ch\/fr\/#website"},"datePublished":"2025-03-11T13:20:27+00:00","dateModified":"2025-10-27T08:33:38+00:00","description":"Qu'il s'agisse du cours pratique express ou du cours th\u00e9orique, les deux cours de base cr\u00e9ent la base id\u00e9ale pour un d\u00e9marrage r\u00e9ussi dans le monde des rev\u00eatements de sol.","breadcrumb":{"@id":"https:\/\/www.boden-parkettleger.samuraidev.ch\/fr\/formation-continue\/cours-de-base-pour-personnes-en-reconversion\/#breadcrumb"},"inLanguage":"fr-FR","potentialAction":[{"@type":"ReadAction","target":["https:\/\/www.boden-parkettleger.samuraidev.ch\/fr\/formation-continue\/cours-de-base-pour-personnes-en-reconversion\/"]}]},{"@type":"BreadcrumbList","@id":"https:\/\/www.boden-parkettleger.samuraidev.ch\/fr\/formation-continue\/cours-de-base-pour-personnes-en-reconversion\/#breadcrumb","itemListElement":[{"@type":"ListItem","position":1,"name":"Home","item":"https:\/\/www.boden-parkettleger.samuraidev.ch\/fr\/"},{"@type":"ListItem","position":2,"name":"Formation continue","item":"https:\/\/www.boden-parkettleger.samuraidev.ch\/fr\/formation-continue\/"},{"@type":"ListItem","position":3,"name":"Cours de base pour personnes en reconversion"}]},{"@type":"WebSite","@id":"https:\/\/www.boden-parkettleger.samuraidev.ch\/fr\/#website","url":"https:\/\/www.boden-parkettleger.samuraidev.ch\/fr\/","name":"Boden- und Parkettleger","description":"","alternateName":"Boden- & Parkettleger","potentialAction":[{"@type":"SearchAction","target":{"@type":"EntryPoint","urlTemplate":"https:\/\/www.boden-parkettleger.samuraidev.ch\/fr\/?s={search_term_string}"},"query-input":{"@type":"PropertyValueSpecification","valueRequired":true,"valueName":"search_term_string"}}],"inLanguage":"fr-FR"}]}},"_links":{"self":[{"href":"https:\/\/www.boden-parkettleger.samuraidev.ch\/fr\/wp-json\/wp\/v2\/pages\/13621","targetHints":{"allow":["GET"]}}],"collection":[{"href":"https:\/\/www.boden-parkettleger.samuraidev.ch\/fr\/wp-json\/wp\/v2\/pages"}],"about":[{"href":"https:\/\/www.boden-parkettleger.samuraidev.ch\/fr\/wp-json\/wp\/v2\/types\/page"}],"author":[{"embeddable":true,"href":"https:\/\/www.boden-parkettleger.samuraidev.ch\/fr\/wp-json\/wp\/v2\/users\/11"}],"replies":[{"embeddable":true,"href":"https:\/\/www.boden-parkettleger.samuraidev.ch\/fr\/wp-json\/wp\/v2\/comments?post=13621"}],"version-history":[{"count":3,"href":"https:\/\/www.boden-parkettleger.samuraidev.ch\/fr\/wp-json\/wp\/v2\/pages\/13621\/revisions"}],"predecessor-version":[{"id":14004,"href":"https:\/\/www.boden-parkettleger.samuraidev.ch\/fr\/wp-json\/wp\/v2\/pages\/13621\/revisions\/14004"}],"up":[{"embeddable":true,"href":"https:\/\/www.boden-parkettleger.samuraidev.ch\/fr\/wp-json\/wp\/v2\/pages\/13814"}],"wp:attachment":[{"href":"https:\/\/www.boden-parkettleger.samuraidev.ch\/fr\/wp-json\/wp\/v2\/media?parent=13621"}],"curies":[{"name":"wp","href":"https:\/\/api.w.org\/{rel}","templated":true}]}}